{"id":32,"date":"2025-12-28T17:56:02","date_gmt":"2025-12-28T17:56:02","guid":{"rendered":"https:\/\/sophielund.ch\/?page_id=32"},"modified":"2026-04-10T11:41:43","modified_gmt":"2026-04-10T11:41:43","slug":"startseite","status":"publish","type":"page","link":"https:\/\/sophielund.ch\/en\/","title":{"rendered":"Startseite"},"content":{"rendered":"\n\n<style>.wp-block-kadence-advancedheading.kt-adv-heading32_8e2910-94, .wp-block-kadence-advancedheading.kt-adv-heading32_8e2910-94[data-kb-block=\"kb-adv-heading32_8e2910-94\"]{text-align:left;font-style:normal;}.wp-block-kadence-advancedheading.kt-adv-heading32_8e2910-94 mark.kt-highlight, .wp-block-kadence-advancedheading.kt-adv-heading32_8e2910-94[data-kb-block=\"kb-adv-heading32_8e2910-94\"] mark.kt-highlight{font-style:normal;color:#f76a0c;-webkit-box-decoration-break:clone;box-decoration-break:clone;padding-top:0px;padding-right:0px;padding-bottom:0px;padding-left:0px;}.wp-block-kadence-advancedheading.kt-adv-heading32_8e2910-94 img.kb-inline-image, .wp-block-kadence-advancedheading.kt-adv-heading32_8e2910-94[data-kb-block=\"kb-adv-heading32_8e2910-94\"] img.kb-inline-image{width:150px;vertical-align:baseline;}<\/style>\n<h1 class=\"kt-adv-heading32_8e2910-94 wp-block-kadence-advancedheading\" data-kb-block=\"kb-adv-heading32_8e2910-94\">Nora und der wilde Wind<\/h1>\n\n\n<style>.wp-block-kadence-advancedheading.kt-adv-heading32_550b64-b6, .wp-block-kadence-advancedheading.kt-adv-heading32_550b64-b6[data-kb-block=\"kb-adv-heading32_550b64-b6\"]{font-style:normal;}.wp-block-kadence-advancedheading.kt-adv-heading32_550b64-b6 mark.kt-highlight, .wp-block-kadence-advancedheading.kt-adv-heading32_550b64-b6[data-kb-block=\"kb-adv-heading32_550b64-b6\"] mark.kt-highlight{font-style:normal;color:#f76a0c;-webkit-box-decoration-break:clone;box-decoration-break:clone;padding-top:0px;padding-right:0px;padding-bottom:0px;padding-left:0px;}.wp-block-kadence-advancedheading.kt-adv-heading32_550b64-b6 img.kb-inline-image, .wp-block-kadence-advancedheading.kt-adv-heading32_550b64-b6[data-kb-block=\"kb-adv-heading32_550b64-b6\"] img.kb-inline-image{width:150px;vertical-align:baseline;}<\/style>\n<p class=\"kt-adv-heading32_550b64-b6 wp-block-kadence-advancedheading\" data-kb-block=\"kb-adv-heading32_550b64-b6\"><strong>Hast du dich je gefragt, ob mehr in dir steckt, als alle denken?<\/strong><br>Die neunj\u00e4hrige Nora liebt die Stille des Waldes, doch ihre beste Freundin Lexi will immer nur bestimmen, wo es langgeht. Nora f\u00fchlt sich oft wie eine Mitl\u00e4uferin und w\u00fcnscht sich, sie w\u00e4re mutiger.<br>Als der geheimnisvolle Junge Enea neu in ihre Klasse kommt, \u00e4ndert sich alles. Er behauptet steif und fest, dass Nora magische F\u00e4higkeiten besitzt. Nora glaubt ihm kein Wort \u2013 bis sie eines Tages so richtig w\u00fctend wird und ein Funkenzauber aus ihr hervorbricht. Pl\u00f6tzlich kann sie den magischen Nebel sehen, der sie und andere im Dorf umgibt, und sie merkt: Enea hatte recht.<br>Doch mit der Magie beginnen auch die Probleme. Ihre Freundin Lexi wird eifers\u00fcchtig und Nora muss ihr gro\u00dfes Geheimnis vor allen verbergen. Wem kann sie vertrauen? Und was passiert, wenn sie ihre Kr\u00e4fte nicht kontrollieren kann?<br><strong>Ein spannendes Abenteuer \u00fcber den Mut, anders zu sein, und die Magie echter Freundschaft.<\/strong><\/p>\n\n\n\n\n\n\n\n<figure class=\"wp-block-image size-large\"><a href=\"https:\/\/www.amazon.de\/dp\/B0GDMCP6XT\"><img loading=\"lazy\" decoding=\"async\" width=\"641\" height=\"1024\" src=\"https:\/\/sophielund.ch\/wp-content\/uploads\/2026\/04\/Nora-und-der-wilde-Wind-Sophie-Lund-641x1024.jpg\" alt=\"\" class=\"wp-image-50\" srcset=\"https:\/\/sophielund.ch\/wp-content\/uploads\/2026\/04\/Nora-und-der-wilde-Wind-Sophie-Lund-641x1024.jpg 641w, https:\/\/sophielund.ch\/wp-content\/uploads\/2026\/04\/Nora-und-der-wilde-Wind-Sophie-Lund-188x300.jpg 188w, https:\/\/sophielund.ch\/wp-content\/uploads\/2026\/04\/Nora-und-der-wilde-Wind-Sophie-Lund-768x1226.jpg 768w, https:\/\/sophielund.ch\/wp-content\/uploads\/2026\/04\/Nora-und-der-wilde-Wind-Sophie-Lund-962x1536.jpg 962w, https:\/\/sophielund.ch\/wp-content\/uploads\/2026\/04\/Nora-und-der-wilde-Wind-Sophie-Lund-1283x2048.jpg 1283w, https:\/\/sophielund.ch\/wp-content\/uploads\/2026\/04\/Nora-und-der-wilde-Wind-Sophie-Lund-8x12.jpg 8w, https:\/\/sophielund.ch\/wp-content\/uploads\/2026\/04\/Nora-und-der-wilde-Wind-Sophie-Lund-1320x2107.jpg 1320w, https:\/\/sophielund.ch\/wp-content\/uploads\/2026\/04\/Nora-und-der-wilde-Wind-Sophie-Lund.jpg 1378w\" sizes=\"auto, (max-width: 641px) 100vw, 641px\" \/><\/a><\/figure>\n\n\n\n\n\n<div id=\"ueber-mich\"><\/div>\n\n\n\n\n\n<figure class=\"wp-block-image size-large\"><img loading=\"lazy\" decoding=\"async\" width=\"1024\" height=\"1024\" src=\"https:\/\/sophielund.ch\/wp-content\/uploads\/2025\/12\/Sophie_Lund_final-1024x1024.png\" alt=\"\" class=\"wp-image-15\" srcset=\"https:\/\/sophielund.ch\/wp-content\/uploads\/2025\/12\/Sophie_Lund_final-1024x1024.png 1024w, https:\/\/sophielund.ch\/wp-content\/uploads\/2025\/12\/Sophie_Lund_final-300x300.png 300w, https:\/\/sophielund.ch\/wp-content\/uploads\/2025\/12\/Sophie_Lund_final-150x150.png 150w, https:\/\/sophielund.ch\/wp-content\/uploads\/2025\/12\/Sophie_Lund_final-768x768.png 768w, https:\/\/sophielund.ch\/wp-content\/uploads\/2025\/12\/Sophie_Lund_final-1536x1536.png 1536w, https:\/\/sophielund.ch\/wp-content\/uploads\/2025\/12\/Sophie_Lund_final-1320x1320.png 1320w, https:\/\/sophielund.ch\/wp-content\/uploads\/2025\/12\/Sophie_Lund_final.png 2048w\" sizes=\"auto, (max-width: 1024px) 100vw, 1024px\" \/><\/figure>\n\n\n\n\n<style>.wp-block-kadence-advancedheading.kt-adv-heading32_0c5317-ed, .wp-block-kadence-advancedheading.kt-adv-heading32_0c5317-ed[data-kb-block=\"kb-adv-heading32_0c5317-ed\"]{font-style:normal;}.wp-block-kadence-advancedheading.kt-adv-heading32_0c5317-ed mark.kt-highlight, .wp-block-kadence-advancedheading.kt-adv-heading32_0c5317-ed[data-kb-block=\"kb-adv-heading32_0c5317-ed\"] mark.kt-highlight{font-style:normal;color:#f76a0c;-webkit-box-decoration-break:clone;box-decoration-break:clone;padding-top:0px;padding-right:0px;padding-bottom:0px;padding-left:0px;}.wp-block-kadence-advancedheading.kt-adv-heading32_0c5317-ed img.kb-inline-image, .wp-block-kadence-advancedheading.kt-adv-heading32_0c5317-ed[data-kb-block=\"kb-adv-heading32_0c5317-ed\"] img.kb-inline-image{width:150px;vertical-align:baseline;}<\/style>\n<h1 class=\"kt-adv-heading32_0c5317-ed wp-block-kadence-advancedheading\" data-kb-block=\"kb-adv-heading32_0c5317-ed\">Wie ich wieder zur Magie fand<\/h1>\n\n\n<style>.wp-block-kadence-advancedheading.kt-adv-heading32_3c04ac-49, .wp-block-kadence-advancedheading.kt-adv-heading32_3c04ac-49[data-kb-block=\"kb-adv-heading32_3c04ac-49\"]{font-style:normal;}.wp-block-kadence-advancedheading.kt-adv-heading32_3c04ac-49 mark.kt-highlight, .wp-block-kadence-advancedheading.kt-adv-heading32_3c04ac-49[data-kb-block=\"kb-adv-heading32_3c04ac-49\"] mark.kt-highlight{font-style:normal;color:#f76a0c;-webkit-box-decoration-break:clone;box-decoration-break:clone;padding-top:0px;padding-right:0px;padding-bottom:0px;padding-left:0px;}.wp-block-kadence-advancedheading.kt-adv-heading32_3c04ac-49 img.kb-inline-image, .wp-block-kadence-advancedheading.kt-adv-heading32_3c04ac-49[data-kb-block=\"kb-adv-heading32_3c04ac-49\"] img.kb-inline-image{width:150px;vertical-align:baseline;}<\/style>\n<p class=\"kt-adv-heading32_3c04ac-49 wp-block-kadence-advancedheading\" data-kb-block=\"kb-adv-heading32_3c04ac-49\">Schon als Kind habe ich es geliebt, in B\u00fcchern zu versinken und fremde Welten zu entdecken. Doch manchmal vergisst man diesen Zauber im Erwachsenenalter. Erst durch meine drei eigenen Kinder und die unz\u00e4hligen Vorlesestunden bin ich wieder mitten in die Welt der Kinderb\u00fccher hineingewachsen.<br>Heute schreibe ich meine eigenen Geschichten. Ich liebe Fantasy-Elemente \u2013 Drachen, Feen oder sprechende Tiere \u2013, aber der Kern meiner Geschichten ist immer echt: Es geht mir darum, Kindern zu zeigen, dass sie genau richtig sind, wie sie sind. Selbstakzeptanz ist die gr\u00f6\u00dfte Magie, die wir besitzen.<\/p>\n\n\n\n\n\n<div id=\"newsletter\"><\/div>\n\n\n\n\n<style>.wp-block-kadence-advancedheading.kt-adv-heading32_5c810e-d9, .wp-block-kadence-advancedheading.kt-adv-heading32_5c810e-d9[data-kb-block=\"kb-adv-heading32_5c810e-d9\"]{font-style:normal;}.wp-block-kadence-advancedheading.kt-adv-heading32_5c810e-d9 mark.kt-highlight, .wp-block-kadence-advancedheading.kt-adv-heading32_5c810e-d9[data-kb-block=\"kb-adv-heading32_5c810e-d9\"] mark.kt-highlight{font-style:normal;color:#f76a0c;-webkit-box-decoration-break:clone;box-decoration-break:clone;padding-top:0px;padding-right:0px;padding-bottom:0px;padding-left:0px;}.wp-block-kadence-advancedheading.kt-adv-heading32_5c810e-d9 img.kb-inline-image, .wp-block-kadence-advancedheading.kt-adv-heading32_5c810e-d9[data-kb-block=\"kb-adv-heading32_5c810e-d9\"] img.kb-inline-image{width:150px;vertical-align:baseline;}<\/style>\n<h1 class=\"kt-adv-heading32_5c810e-d9 wp-block-kadence-advancedheading\" data-kb-block=\"kb-adv-heading32_5c810e-d9\">Verpasse nicht den Start!<\/h1>\n\n\n<style>.wp-block-kadence-advancedheading.kt-adv-heading32_1224c6-e3, .wp-block-kadence-advancedheading.kt-adv-heading32_1224c6-e3[data-kb-block=\"kb-adv-heading32_1224c6-e3\"]{font-style:normal;}.wp-block-kadence-advancedheading.kt-adv-heading32_1224c6-e3 mark.kt-highlight, .wp-block-kadence-advancedheading.kt-adv-heading32_1224c6-e3[data-kb-block=\"kb-adv-heading32_1224c6-e3\"] mark.kt-highlight{font-style:normal;color:#f76a0c;-webkit-box-decoration-break:clone;box-decoration-break:clone;padding-top:0px;padding-right:0px;padding-bottom:0px;padding-left:0px;}.wp-block-kadence-advancedheading.kt-adv-heading32_1224c6-e3 img.kb-inline-image, .wp-block-kadence-advancedheading.kt-adv-heading32_1224c6-e3[data-kb-block=\"kb-adv-heading32_1224c6-e3\"] img.kb-inline-image{width:150px;vertical-align:baseline;}<\/style>\n<p class=\"kt-adv-heading32_1224c6-e3 wp-block-kadence-advancedheading\" data-kb-block=\"kb-adv-heading32_1224c6-e3\">Trag dich ein und erfahre als Erste\/r, wenn mein Buch erscheint und erhalte exklusive Einblicke in meine Schreib-Reise.<\/p>\n\n\n  \n  \n  <div class=\"\n    mailpoet_form_popup_overlay\n      \"><\/div>\n  <div\n    id=\"mailpoet_form_1\"\n    class=\"\n      mailpoet_form\n      mailpoet_form_html\n      mailpoet_form_position_\n      mailpoet_form_animation_\n    \"\n      >\n\n    <style type=\"text\/css\">\n     #mailpoet_form_1 .mailpoet_form {  }\n#mailpoet_form_1 form { margin-bottom: 0; }\n#mailpoet_form_1 h1.mailpoet-heading { margin: 0 0 20px; }\n#mailpoet_form_1 p.mailpoet_form_paragraph.last { margin-bottom: 5px; }\n#mailpoet_form_1 .mailpoet_column_with_background { padding: 10px; }\n#mailpoet_form_1 .mailpoet_form_column:not(:first-child) { margin-left: 20px; }\n#mailpoet_form_1 .mailpoet_paragraph { line-height: 20px; margin-bottom: 20px; }\n#mailpoet_form_1 .mailpoet_segment_label, #mailpoet_form_1 .mailpoet_text_label, #mailpoet_form_1 .mailpoet_textarea_label, #mailpoet_form_1 .mailpoet_select_label, #mailpoet_form_1 .mailpoet_radio_label, #mailpoet_form_1 .mailpoet_checkbox_label, #mailpoet_form_1 .mailpoet_list_label, #mailpoet_form_1 .mailpoet_date_label { display: block; font-weight: normal; }\n#mailpoet_form_1 .mailpoet_text, #mailpoet_form_1 .mailpoet_textarea, #mailpoet_form_1 .mailpoet_select, #mailpoet_form_1 .mailpoet_date_month, #mailpoet_form_1 .mailpoet_date_day, #mailpoet_form_1 .mailpoet_date_year, #mailpoet_form_1 .mailpoet_date { display: block; }\n#mailpoet_form_1 .mailpoet_text, #mailpoet_form_1 .mailpoet_textarea { width: 200px; }\n#mailpoet_form_1 .mailpoet_checkbox {  }\n#mailpoet_form_1 .mailpoet_submit {  }\n#mailpoet_form_1 .mailpoet_divider {  }\n#mailpoet_form_1 .mailpoet_message {  }\n#mailpoet_form_1 .mailpoet_form_loading { width: 30px; text-align: center; line-height: normal; }\n#mailpoet_form_1 .mailpoet_form_loading > span { width: 5px; height: 5px; background-color: #5b5b5b; }#mailpoet_form_1{border-radius: 16px;background: linear-gradient(135deg,rgb(255,245,203) 0%,rgb(182,227,212) 50%,rgb(51,167,181) 100%);color: #313131;text-align: left;}#mailpoet_form_1 form.mailpoet_form {padding: 16px;}#mailpoet_form_1{width: 100%;}#mailpoet_form_1 .mailpoet_message {margin: 0; padding: 0 20px;}\n        #mailpoet_form_1 .mailpoet_validate_success {color: #00d084}\n        #mailpoet_form_1 input.parsley-success {color: #00d084}\n        #mailpoet_form_1 select.parsley-success {color: #00d084}\n        #mailpoet_form_1 textarea.parsley-success {color: #00d084}\n      \n        #mailpoet_form_1 .mailpoet_validate_error {color: #cf2e2e}\n        #mailpoet_form_1 input.parsley-error {color: #cf2e2e}\n        #mailpoet_form_1 select.parsley-error {color: #cf2e2e}\n        #mailpoet_form_1 textarea.textarea.parsley-error {color: #cf2e2e}\n        #mailpoet_form_1 .parsley-errors-list {color: #cf2e2e}\n        #mailpoet_form_1 .parsley-required {color: #cf2e2e}\n        #mailpoet_form_1 .parsley-custom-error-message {color: #cf2e2e}\n      #mailpoet_form_1 .mailpoet_paragraph.last {margin-bottom: 0} @media (max-width: 500px) {#mailpoet_form_1 {background: linear-gradient(135deg,rgb(255,245,203) 0%,rgb(182,227,212) 50%,rgb(51,167,181) 100%);}} @media (min-width: 500px) {#mailpoet_form_1 .last .mailpoet_paragraph:last-child {margin-bottom: 0}}  @media (max-width: 500px) {#mailpoet_form_1 .mailpoet_form_column:last-child .mailpoet_paragraph:last-child {margin-bottom: 0}} \n    <\/style>\n\n    <form\n      target=\"_self\"\n      method=\"post\"\n      action=\"https:\/\/sophielund.ch\/wp-admin\/admin-post.php?action=mailpoet_subscription_form\"\n      class=\"mailpoet_form mailpoet_form_form mailpoet_form_html\"\n      novalidate\n      data-delay=\"\"\n      data-exit-intent-enabled=\"\"\n      data-font-family=\"\"\n      data-cookie-expiration-time=\"\"\n    >\n      <input type=\"hidden\" name=\"data[form_id]\" value=\"1\" \/>\n      <input type=\"hidden\" name=\"token\" value=\"3b1f3f370f\" \/>\n      <input type=\"hidden\" name=\"api_version\" value=\"v1\" \/>\n      <input type=\"hidden\" name=\"endpoint\" value=\"subscribers\" \/>\n      <input type=\"hidden\" name=\"mailpoet_method\" value=\"subscribe\" \/>\n\n      <label class=\"mailpoet_hp_email_label\" style=\"display: none !important;\">Please leave this field empty<input type=\"email\" name=\"data[email]\"\/><\/label><h1 class=\"mailpoet-heading  mailpoet-has-font-size\" style=\"text-align: center; color: #313131; font-size: 40px; line-height: 1.2\"><span style=\"font-family: BioRhyme\" data-font=\"BioRhyme\" class=\"mailpoet-has-font\">Verpasse keine Neuigkeiten!<\/span><\/h1>\n<div class=\"mailpoet_paragraph \"><style>input[name=\"data[form_field_MDBmNjc3NGIxYjI3X2VtYWls]\"]::placeholder{color:#abb8c3;opacity: 1;}<\/style><input type=\"email\" autocomplete=\"email\" class=\"mailpoet_text\" id=\"form_email_1\" name=\"data[form_field_MDBmNjc3NGIxYjI3X2VtYWls]\" title=\"E-Mail-Adresse\" value=\"\" style=\"width:100%;box-sizing:border-box;background-color:#eeeeee;border-style:solid;border-radius:8px !important;border-width:0px;border-color:#313131;padding:16px;margin: 0 auto 0 0;font-family:&#039;Montserrat&#039;;font-size:20px;line-height:1.5;height:auto;color:#abb8c3;\" data-automation-id=\"form_email\"  placeholder=\"E-Mail-Adresse *\" aria-label=\"E-Mail-Adresse *\" data-parsley-errors-container=\".mailpoet_error_mdcb6\" data-parsley-required=\"true\" required aria-required=\"true\" data-parsley-minlength=\"6\" data-parsley-maxlength=\"150\" data-parsley-type-message=\"This value should be a valid email.\" data-parsley-required-message=\"This field is required.\"\/><span class=\"mailpoet_error_mdcb6\"><\/span><\/div>\n<div class=\"mailpoet_paragraph \"><input type=\"submit\" class=\"mailpoet_submit\" value=\"NEWSLETTER ABONNIEREN\" data-automation-id=\"subscribe-submit-button\" data-font-family='Montserrat' style=\"width:100%;box-sizing:border-box;background-color:#000000;border-style:solid;border-radius:8px !important;border-width:0px;padding:16px;margin: 0 auto 0 0;font-family:&#039;Montserrat&#039;;font-size:24px;line-height:1.5;height:auto;color:#7bdcb5;border-color:transparent;font-weight:bold;\" \/><span class=\"mailpoet_form_loading\"><span class=\"mailpoet_bounce1\"><\/span><span class=\"mailpoet_bounce2\"><\/span><span class=\"mailpoet_bounce3\"><\/span><\/span><\/div>\n<p class=\"mailpoet_form_paragraph  mailpoet-has-font-size\" style=\"text-align: center; font-size: 13px; line-height: 1.5\"><em><span style=\"font-family: Montserrat\" data-font=\"Montserrat\" class=\"mailpoet-has-font\">Wir senden keinen Spam! Erfahre mehr in unserer <a href=\"\/\/sophielund.ch\/rechtliches\/\">Datenschutzerkl\u00e4rung<\/a>.<\/span><\/em><\/p>\n\n      <div class=\"mailpoet_message\">\n        <p class=\"mailpoet_validate_success\"\n                style=\"display:none;\"\n                >Pr\u00fcfe deinen Posteingang oder Spam-Ordner, um dein Abonnement zu best\u00e4tigen.\n        <\/p>\n        <p class=\"mailpoet_validate_error\"\n                style=\"display:none;\"\n                >        <\/p>\n      <\/div>\n    <\/form>\n\n      <\/div>\n\n  \n\n\n\n\n<div id=\"kontakt\"><\/div>\n\n\n\n\n<style>.kb-form input.kadence-blocks-field.verify{opacity:0.0;position:absolute;top:0.0;left:0.0;width:0.0;height:0.0;z-index:-1;}<\/style>\n<div class=\"wp-block-kadence-form kadence-form-32_93107f-ce kb-form-wrap\"><form class=\"kb-form\" action=\"\" method=\"post\"><div class=\"kadence-blocks-form-field kb-field-desk-width-100 kb-input-size-standard\"><label for=\"kb_field_32_93107f-ce_0\">Name<\/label><input name=\"kb_field_0\" id=\"kb_field_32_93107f-ce_0\" data-label=\"Name\" type=\"text\" placeholder=\"\" value=\"\" data-type=\"text\" class=\"kb-field kb-text-style-field kb-text-field kb-field-0\"\/><\/div><div class=\"kadence-blocks-form-field kb-form-field-1 kb-field-desk-width-100 kb-input-size-standard\"><label for=\"kb_field_32_93107f-ce_1\">Email<span class=\"required\">*<\/span><\/label><input name=\"kb_field_1\" id=\"kb_field_32_93107f-ce_1\" data-label=\"Email\" type=\"email\" placeholder=\"\" value=\"\" data-type=\"email\" class=\"kb-field kb-text-style-field kb-email-field kb-field-1\" data-required=\"yes\"\/><\/div><div class=\"kadence-blocks-form-field kb-form-field-2 kb-field-desk-width-100 kb-input-size-standard\"><label for=\"kb_field_32_93107f-ce_2\">Message<span class=\"required\">*<\/span><\/label><textarea name=\"kb_field_2\" id=\"kb_field_32_93107f-ce_2\" data-label=\"Message\" type=\"textarea\" placeholder=\"\" data-type=\"textarea\" class=\"kb-field kb-text-style-field kb-textarea-field kb-field-2\" rows=\"4\" data-required=\"yes\"><\/textarea><\/div><input type=\"hidden\" name=\"_kb_form_id\" value=\"32_93107f-ce\"\/><input type=\"hidden\" name=\"_kb_form_post_id\" value=\"32\"\/><input type=\"hidden\" name=\"action\" value=\"kb_process_ajax_submit\"\/><label class=\"kadence-verify-label\">Email<input class=\"kadence-blocks-field verify\" type=\"text\" name=\"_kb_verify_email\" autocomplete=\"new-password\" aria-hidden=\"true\" placeholder=\"Email\" tabindex=\"-1\" data-1p-ignore=\"true\" data-lpignore=\"true\" \/><\/label><div class=\"kadence-blocks-form-field kb-submit-field kb-field-desk-width-100\"><button class=\"kb-forms-submit button kb-button-size-standard kb-button-width-auto\">Submit<\/button><\/div><\/form><\/div>\n<noscript><div class=\"kadence-blocks-form-message kadence-blocks-form-warning\">Please enable JavaScript in your browser to submit the form<\/div><style>.kadence-form-32_93107f-ce .kadence-blocks-form-field.kb-submit-field { display: none; }<\/style><\/noscript>\n\n\n\n<style>.wp-block-kadence-advancedheading.kt-adv-heading32_964e10-4e, .wp-block-kadence-advancedheading.kt-adv-heading32_964e10-4e[data-kb-block=\"kb-adv-heading32_964e10-4e\"]{font-style:normal;}.wp-block-kadence-advancedheading.kt-adv-heading32_964e10-4e mark.kt-highlight, .wp-block-kadence-advancedheading.kt-adv-heading32_964e10-4e[data-kb-block=\"kb-adv-heading32_964e10-4e\"] mark.kt-highlight{font-style:normal;color:#f76a0c;-webkit-box-decoration-break:clone;box-decoration-break:clone;padding-top:0px;padding-right:0px;padding-bottom:0px;padding-left:0px;}.wp-block-kadence-advancedheading.kt-adv-heading32_964e10-4e img.kb-inline-image, .wp-block-kadence-advancedheading.kt-adv-heading32_964e10-4e[data-kb-block=\"kb-adv-heading32_964e10-4e\"] img.kb-inline-image{width:150px;vertical-align:baseline;}<\/style>\n<p class=\"kt-adv-heading32_964e10-4e wp-block-kadence-advancedheading\" data-kb-block=\"kb-adv-heading32_964e10-4e\">Du erreichst mich auch direkt <a href=\"mailto:lund.sophie@proton.me\">per E-Mail<\/a>.<\/p>\n\n\n","protected":false},"excerpt":{"rendered":"","protected":false},"author":1,"featured_media":0,"parent":0,"menu_order":0,"comment_status":"closed","ping_status":"closed","template":"","meta":{"pagelayer_contact_templates":[],"_pagelayer_content":"","_kadence_starter_templates_imported_post":false,"_kad_post_transparent":"","_kad_post_title":"hide","_kad_post_layout":"fullwidth","_kad_post_sidebar_id":"","_kad_post_content_style":"unboxed","_kad_post_vertical_padding":"hide","_kad_post_feature":"","_kad_post_feature_position":"","_kad_post_header":false,"_kad_post_footer":false,"_kad_post_classname":"","footnotes":""},"class_list":["post-32","page","type-page","status-publish","hentry"],"_links":{"self":[{"href":"https:\/\/sophielund.ch\/en\/wp-json\/wp\/v2\/pages\/32","targetHints":{"allow":["GET"]}}],"collection":[{"href":"https:\/\/sophielund.ch\/en\/wp-json\/wp\/v2\/pages"}],"about":[{"href":"https:\/\/sophielund.ch\/en\/wp-json\/wp\/v2\/types\/page"}],"author":[{"embeddable":true,"href":"https:\/\/sophielund.ch\/en\/wp-json\/wp\/v2\/users\/1"}],"replies":[{"embeddable":true,"href":"https:\/\/sophielund.ch\/en\/wp-json\/wp\/v2\/comments?post=32"}],"version-history":[{"count":6,"href":"https:\/\/sophielund.ch\/en\/wp-json\/wp\/v2\/pages\/32\/revisions"}],"predecessor-version":[{"id":52,"href":"https:\/\/sophielund.ch\/en\/wp-json\/wp\/v2\/pages\/32\/revisions\/52"}],"wp:attachment":[{"href":"https:\/\/sophielund.ch\/en\/wp-json\/wp\/v2\/media?parent=32"}],"curies":[{"name":"wp","href":"https:\/\/api.w.org\/{rel}","templated":true}]}}